{"id":733,"date":"2022-10-19T20:04:56","date_gmt":"2022-10-19T20:04:56","guid":{"rendered":"https:\/\/smichon.cz\/?page_id=733"},"modified":"2024-07-29T06:30:43","modified_gmt":"2024-07-29T06:30:43","slug":"kubatova","status":"publish","type":"page","link":"https:\/\/smichon.cz\/en\/tym_old\/kubatova\/","title":{"rendered":"MDDr. Nina Kub\u00e1tov\u00e1"},"content":{"rendered":"<p><div class=\"fusion-fullwidth fullwidth-box fusion-builder-row-1 fusion-flex-container has-pattern-background has-mask-background fusion-parallax-none nonhundred-percent-fullwidth non-hundred-percent-height-scrolling lazyload\" style=\"--awb-border-radius-top-left:0px;--awb-border-radius-top-right:0px;--awb-border-radius-bottom-right:0px;--awb-border-radius-bottom-left:0px;--awb-padding-top:250px;--awb-padding-bottom:20px;--awb-padding-top-small:0px;--awb-margin-top:-105px;--awb-background-color:var(--awb-color8);--awb-background-size:cover;--awb-flex-wrap:wrap;\" data-bg=\"https:\/\/smichon.cz\/wp-content\/uploads\/2022\/06\/main_photo.jpg\" ><div class=\"fusion-builder-row fusion-row fusion-flex-align-items-flex-start fusion-flex-content-wrap\" style=\"max-width:1310.4px;margin-left: calc(-4% \/ 2 );margin-right: calc(-4% \/ 2 );\"><div class=\"fusion-layout-column fusion_builder_column fusion-builder-column-0 fusion_builder_column_1_1 1_1 fusion-flex-column\" style=\"--awb-padding-top-small:50px;--awb-bg-size:cover;--awb-width-large:100%;--awb-margin-top-large:20px;--awb-spacing-right-large:1.92%;--awb-margin-bottom-large:20px;--awb-spacing-left-large:1.92%;--awb-width-medium:100%;--awb-order-medium:0;--awb-spacing-right-medium:1.92%;--awb-spacing-left-medium:1.92%;--awb-width-small:100%;--awb-order-small:0;--awb-spacing-right-small:1.92%;--awb-spacing-left-small:1.92%;\"><div class=\"fusion-column-wrapper fusion-column-has-shadow fusion-flex-justify-content-flex-start fusion-content-layout-column\"><div class=\"fusion-title title fusion-title-1 fusion-sep-none fusion-title-center fusion-title-text fusion-title-size-two\" style=\"--awb-text-color:var(--awb-color1);\"><h2 class=\"fusion-title-heading title-heading-center fusion-responsive-typography-calculated\" style=\"margin:0;--fontSize:48;line-height:1.04;\">MDDr. Nina Kub\u00e1tov\u00e1<\/h2><\/div><\/div><\/div><\/div><\/div><div class=\"fusion-fullwidth fullwidth-box fusion-builder-row-2 fusion-flex-container nonhundred-percent-fullwidth non-hundred-percent-height-scrolling\" style=\"--awb-border-radius-top-left:0px;--awb-border-radius-top-right:0px;--awb-border-radius-bottom-right:0px;--awb-border-radius-bottom-left:0px;--awb-padding-top:20px;--awb-padding-bottom:20px;--awb-flex-wrap:wrap;\" ><div class=\"fusion-builder-row fusion-row fusion-flex-align-items-flex-start fusion-flex-content-wrap\" style=\"max-width:1310.4px;margin-left: calc(-4% \/ 2 );margin-right: calc(-4% \/ 2 );\"><div class=\"fusion-layout-column fusion_builder_column fusion-builder-column-1 fusion-flex-column\" style=\"--awb-overflow:hidden;--awb-bg-size:cover;--awb-border-color:var(--awb-color6);--awb-border-top:1px;--awb-border-right:1px;--awb-border-bottom:1px;--awb-border-left:1px;--awb-border-style:solid;--awb-border-radius:13px 13px 10px 10px;--awb-width-large:25%;--awb-margin-top-large:20px;--awb-spacing-right-large:7.68%;--awb-margin-bottom-large:20px;--awb-spacing-left-large:7.68%;--awb-width-medium:25%;--awb-order-medium:0;--awb-spacing-right-medium:7.68%;--awb-spacing-left-medium:7.68%;--awb-width-small:100%;--awb-order-small:0;--awb-spacing-right-small:1.92%;--awb-spacing-left-small:1.92%;\"><div class=\"fusion-column-wrapper fusion-column-has-shadow fusion-flex-justify-content-flex-start fusion-content-layout-column\"><div class=\"fusion-image-element sm-text-align-center\" style=\"--awb-aspect-ratio:1 \/ 1;--awb-caption-title-font-family:var(--h2_typography-font-family);--awb-caption-title-font-weight:var(--h2_typography-font-weight);--awb-caption-title-font-style:var(--h2_typography-font-style);--awb-caption-title-size:var(--h2_typography-font-size);--awb-caption-title-transform:var(--h2_typography-text-transform);--awb-caption-title-line-height:var(--h2_typography-line-height);--awb-caption-title-letter-spacing:var(--h2_typography-letter-spacing);\"><span class=\"fusion-imageframe imageframe-none imageframe-1 hover-type-none has-aspect-ratio\" style=\"border-radius:12px;\"><img decoding=\"async\" width=\"1709\" height=\"2560\" title=\"Nina Kub\u00e1tov\u00e1\" src=\"https:\/\/smichon.cz\/wp-content\/uploads\/2024\/01\/Nina-Kubatova-scaled.jpg\" data-orig-src=\"https:\/\/smichon.cz\/wp-content\/uploads\/2024\/01\/Nina-Kubatova-scaled.jpg\" class=\"lazyload img-responsive wp-image-842 img-with-aspect-ratio\" alt srcset=\"data:image\/svg+xml,%3Csvg%20xmlns%3D%27http%3A%2F%2Fwww.w3.org%2F2000%2Fsvg%27%20width%3D%271709%27%20height%3D%272560%27%20viewBox%3D%270%200%201709%202560%27%3E%3Crect%20width%3D%271709%27%20height%3D%272560%27%20fill-opacity%3D%220%22%2F%3E%3C%2Fsvg%3E\" data-srcset=\"https:\/\/smichon.cz\/wp-content\/uploads\/2024\/01\/Nina-Kubatova-200x300.jpg 200w, https:\/\/smichon.cz\/wp-content\/uploads\/2024\/01\/Nina-Kubatova-400x599.jpg 400w, https:\/\/smichon.cz\/wp-content\/uploads\/2024\/01\/Nina-Kubatova-600x899.jpg 600w, https:\/\/smichon.cz\/wp-content\/uploads\/2024\/01\/Nina-Kubatova-800x1198.jpg 800w, https:\/\/smichon.cz\/wp-content\/uploads\/2024\/01\/Nina-Kubatova-1200x1798.jpg 1200w, https:\/\/smichon.cz\/wp-content\/uploads\/2024\/01\/Nina-Kubatova-scaled.jpg 1709w\" data-sizes=\"auto\" data-orig-sizes=\"(max-width: 446px) 100vw, 1200px\" \/><\/span><\/div><div class=\"fusion-builder-row fusion-builder-row-inner fusion-row fusion-flex-align-items-flex-start fusion-flex-content-wrap\" style=\"width:104% !important;max-width:104% !important;margin-left: calc(-4% \/ 2 );margin-right: calc(-4% \/ 2 );\"><div class=\"fusion-layout-column fusion_builder_column_inner fusion-builder-nested-column-0 fusion_builder_column_inner_1_1 1_1 fusion-flex-column\" style=\"--awb-bg-size:cover;--awb-width-large:100%;--awb-margin-top-large:20px;--awb-spacing-right-large:25px;--awb-margin-bottom-large:20px;--awb-spacing-left-large:25px;--awb-width-medium:100%;--awb-order-medium:0;--awb-spacing-right-medium:25px;--awb-spacing-left-medium:25px;--awb-width-small:100%;--awb-order-small:0;--awb-spacing-right-small:1.92%;--awb-spacing-left-small:1.92%;\"><div class=\"fusion-column-wrapper fusion-column-has-shadow fusion-flex-justify-content-flex-start fusion-content-layout-column\"><div class=\"fusion-title title fusion-title-2 fusion-sep-none fusion-title-text fusion-title-size-four\" style=\"--awb-margin-top:0px;--awb-margin-bottom:0px;\"><h4 class=\"fusion-title-heading title-heading-left fusion-responsive-typography-calculated\" style=\"margin:0;--fontSize:24;--minFontSize:24;line-height:1.42;\">MDDr. Nina Kub\u00e1tov\u00e1<\/h4><\/div><div class=\"fusion-title title fusion-title-3 fusion-sep-none fusion-title-text fusion-title-size-six\" style=\"--awb-margin-top:0px;--awb-margin-bottom:0px;\"><h6 class=\"fusion-title-heading title-heading-left fusion-responsive-typography-calculated\" style=\"margin:0;--fontSize:18;--minFontSize:18;line-height:1.5;\">Dentist<\/h6><\/div><div class=\"fusion-separator fusion-full-width-sep\" style=\"align-self: center;margin-left: auto;margin-right: auto;margin-top:10px;width:100%;\"><div class=\"fusion-separator-border sep-single sep-solid\" style=\"--awb-height:20px;--awb-amount:20px;border-color:#e8ebef;border-top-width:1px;\"><\/div><\/div><div class=\"fusion-title title fusion-title-4 fusion-sep-none fusion-title-text fusion-title-size-four\" style=\"--awb-margin-bottom:0px;\"><h4 class=\"fusion-title-heading title-heading-left fusion-responsive-typography-calculated\" style=\"margin:0;--fontSize:24;--minFontSize:24;line-height:1.42;\">Contact<\/h4><\/div><ul style=\"--awb-item-padding-top:0px;--awb-item-padding-bottom:0px;--awb-iconcolor:#000000;--awb-line-height:30.6px;--awb-icon-width:30.6px;--awb-icon-height:30.6px;--awb-icon-margin:12.6px;--awb-content-margin:43.2px;\" class=\"fusion-checklist fusion-checklist-1 type-icons\"><li class=\"fusion-li-item\" style=\"\"><span class=\"icon-wrapper circle-no\"><i class=\"fusion-li-icon fa-phone fas\" aria-hidden=\"true\"><\/i><\/span><div class=\"fusion-li-item-content\">\n<p>+420 775 577 292<\/p>\n<\/div><\/li><li class=\"fusion-li-item\" style=\"\"><span class=\"icon-wrapper circle-no\"><i class=\"fusion-li-icon fa-at fas\" aria-hidden=\"true\"><\/i><\/span><div class=\"fusion-li-item-content\">kubatova@smichon.cz<\/div><\/li><li class=\"fusion-li-item\" style=\"\"><span class=\"icon-wrapper circle-no\"><i class=\"fusion-li-icon fa-globe-americas fas\" aria-hidden=\"true\"><\/i><\/span><div class=\"fusion-li-item-content\">\n<p>www.smichon.cz<\/p>\n<\/div><\/li><\/ul><ul style=\"--awb-item-padding-top:0px;--awb-item-padding-bottom:0px;--awb-iconcolor:#000000;--awb-line-height:30.6px;--awb-icon-width:30.6px;--awb-icon-height:30.6px;--awb-icon-margin:12.6px;--awb-content-margin:43.2px;\" class=\"fusion-checklist fusion-checklist-2 type-icons\"><li class=\"fusion-li-item\" style=\"\"><span class=\"icon-wrapper circle-no\"><i class=\"fusion-li-icon fa-clock fas\" aria-hidden=\"true\"><\/i><\/span><div class=\"fusion-li-item-content\">\n<p>Office hours<\/p>\n<div><strong style=\"font-size: 16px;\" data-fusion-font=\"true\">Monday<\/strong><span style=\"font-size: 16px;\" data-fusion-font=\"true\"> \u2013 neordinuje<\/span><\/div>\n<div><strong style=\"font-size: 16px;\" data-fusion-font=\"true\">Tuesday<\/strong><span style=\"font-size: 16px;\" data-fusion-font=\"true\"> \u2013 neordinuje<\/span><\/div>\n<div><strong style=\"font-size: 16px;\" data-fusion-font=\"true\">Wednesday<\/strong><span style=\"font-size: 16px;\" data-fusion-font=\"true\"> \u2013 neordinuje<\/span><\/div>\n<div><strong style=\"font-size: 16px;\" data-fusion-font=\"true\">Thursday<\/strong><span style=\"font-size: 16px;\" data-fusion-font=\"true\"> \u2013 14:00 \u2013 19:00<\/span><\/div>\n<div><strong style=\"font-size: 16px;\" data-fusion-font=\"true\">Friday<\/strong><span data-fusion-font=\"true\"><span style=\"font-size: 16px;\" data-fusion-font=\"true\"> \u2013 neordinuje<\/span><\/span><\/div>\n<\/div><\/li><\/ul><\/div><\/div><\/div><\/div><\/div><div class=\"fusion-layout-column fusion_builder_column fusion-builder-column-2 fusion-flex-column\" style=\"--awb-bg-size:cover;--awb-width-large:75%;--awb-margin-top-large:20px;--awb-spacing-right-large:2.56%;--awb-margin-bottom-large:20px;--awb-spacing-left-large:2.56%;--awb-width-medium:75%;--awb-order-medium:0;--awb-spacing-right-medium:2.56%;--awb-spacing-left-medium:2.56%;--awb-width-small:100%;--awb-order-small:0;--awb-spacing-right-small:1.92%;--awb-spacing-left-small:1.92%;\"><div class=\"fusion-column-wrapper fusion-column-has-shadow fusion-flex-justify-content-flex-start fusion-content-layout-column\"><div class=\"fusion-title title fusion-title-5 fusion-sep-none fusion-title-text fusion-title-size-three\"><h3 class=\"fusion-title-heading title-heading-left fusion-responsive-typography-calculated\" style=\"margin:0;--fontSize:36;line-height:1.3;\">About Dentist<\/h3><\/div><div class=\"fusion-text fusion-text-1\"><p><strong>Dentist<\/strong><\/p>\n<ul>\n<li>2016 \u2013 2021 \u2013 studium 1.LF Univerzity Karlovy \u2013 obor zubn\u00ed l\u00e9ka\u0159stv\u00ed \u2013 titul MDDr.<\/li>\n<\/ul>\n<p><strong>Pracovn\u00ed zku\u0161enosti:<\/strong><\/p>\n<ul>\n<li>2022 \u2013 sm\u00edchOn, zubn\u00ed l\u00e9ka\u0159ka<\/li>\n<li>2022 \u2013 Ordinace \u0160afa\u0159\u00edkovi s.r.o., zubn\u00ed l\u00e9ka\u0159ka<\/li>\n<li>2021 \u2013 2022 Pek\u00e1rek Dental Chodov, zubn\u00ed l\u00e9ka\u0159ka<\/li>\n<li>2020 \u2013 st\u00e1\u017e ve stomatochirurgick\u00e9 ambulanci \u2013 Klinika \u00fastn\u00ed, \u010delistn\u00ed a obli\u010dejov\u00e9 chirurgie <span style=\"background-color: rgba(255, 255, 255, 0); color: var(--body_typography-color); font-family: var(--body_typography-font-family); font-size: var(--body_typography-font-size); font-style: var(--body_typography-font-style,normal); font-weight: var(--body_typography-font-weight); letter-spacing: var(--body_typography-letter-spacing);\">V\u0161eobecn\u00e9 fakultn\u00ed nemocnice v Praze<\/span><\/li>\n<li>2018 \u2013 2020 \u2013 Dentalnest, asistence u k\u0159esla, zubn\u00ed instrument\u00e1\u0159ka<\/li>\n<li>2016 \u2013 2020 \u2013 \u0161kolitelka preventivn\u00edho programu Dental Prevention spole\u010dnosti<br \/>Curaden Czech s.r.o.<\/li>\n<\/ul>\n<p><strong>Training, professional seminars, certificates, practice:<\/strong><\/p>\n<ul>\n<li>Endodontick\u00e9 o\u0161et\u0159en\u00ed od A do Z (MUDr. No\u017ei\u010dka)<\/li>\n<li>Kurz preparace ve fixn\u00ed protetice (Dr. Tome\u010dek, 3DK)<\/li>\n<li>Tot\u00e1ln\u00ed prot\u00e9zy (MUDr. No\u017ei\u010dka)<\/li>\n<li>Pravideln\u00e1 \u00fa\u010dast na vzd\u011bl\u00e1vac\u00edm kongresu Pra\u017esk\u00e9 dent\u00e1ln\u00ed dny<\/li>\n<li>2020 \u2013 Zpracov\u00e1n\u00ed a anal\u00fdza sn\u00edmk\u016f 3D CBCT \u2013 aplika\u010dn\u00ed workshop<\/li>\n<li>2019 \u2013 UPDent studentsk\u00fd kongres<\/li>\n<li>2017 \u2013 Kurzy preventivn\u00ed stomatologie, MUDr. Ji\u0159\u00ed Sedelmayer<\/li>\n<\/ul>\n<p><strong>Completed courses as part of the lifelong education of a practical dentist:<\/strong><\/p>\n<ul>\n<li>Komplexn\u00ed vy\u0161et\u0159en\u00ed pacienta a stanoven\u00ed l\u00e9\u010debn\u00e9ho pl\u00e1nu<\/li>\n<li>Prevence parodontopati\u00ed a z\u00e1klady parodontologie<\/li>\n<li>Endodoncie, v\u010detn\u011b postendodontick\u00e9ho o\u0161et\u0159en\u00ed<\/li>\n<li>D\u011btsk\u00fd pacient v ordinaci praktick\u00e9ho zubn\u00edho l\u00e9ka\u0159e<\/li>\n<li>Z\u00e1sady protetick\u00e9ho pl\u00e1nov\u00e1n\u00ed, mezioborov\u00e1 spolupr\u00e1ce<\/li>\n<li>Materi\u00e1ly a technologie v zubn\u00ed protetice<\/li>\n<li>O\u0161et\u0159en\u00ed rizikov\u00e9ho pacienta, z\u00e1klady farmakologie v praxi zubn\u00edho l\u00e9ka\u0159e, fok\u00e1ln\u00ed infekce<\/li>\n<li>\u0158e\u0161en\u00ed n\u00e1hl\u00fdch p\u0159\u00edhod v ordinaci zubn\u00edho l\u00e9ka\u0159e<\/li>\n<\/ul>\n<\/div><\/div><\/div><\/div><\/div><div class=\"fusion-fullwidth fullwidth-box fusion-builder-row-3 fusion-flex-container nonhundred-percent-fullwidth non-hundred-percent-height-scrolling\" style=\"--awb-border-radius-top-left:0px;--awb-border-radius-top-right:0px;--awb-border-radius-bottom-right:0px;--awb-border-radius-bottom-left:0px;--awb-padding-top:0px;--awb-padding-bottom:0px;--awb-flex-wrap:wrap;\" ><div class=\"fusion-builder-row fusion-row fusion-flex-align-items-flex-start fusion-flex-content-wrap\" style=\"max-width:1310.4px;margin-left: calc(-4% \/ 2 );margin-right: calc(-4% \/ 2 );\"><div class=\"fusion-layout-column fusion_builder_column fusion-builder-column-3 fusion_builder_column_1_1 1_1 fusion-flex-column\" style=\"--awb-bg-size:cover;--awb-width-large:100%;--awb-margin-top-large:20px;--awb-spacing-right-large:1.92%;--awb-margin-bottom-large:20px;--awb-spacing-left-large:1.92%;--awb-width-medium:100%;--awb-order-medium:0;--awb-spacing-right-medium:1.92%;--awb-spacing-left-medium:1.92%;--awb-width-small:100%;--awb-order-small:0;--awb-spacing-right-small:1.92%;--awb-spacing-left-small:1.92%;\"><div class=\"fusion-column-wrapper fusion-column-has-shadow fusion-flex-justify-content-flex-start fusion-content-layout-column\"><div style=\"text-align:right;\"><a class=\"fusion-button button-flat fusion-button-default-size button-custom fusion-button-default button-1 fusion-button-default-span\" style=\"--button_bevel_color:#5db072;--button_bevel_color_hover:#5db072;--button_accent_color:#ffffff;--button_border_color:#00626f;--button_accent_hover_color:#00626f;--button_border_hover_color:#00626f;--button_border_width-top:3px;--button_border_width-right:3px;--button_border_width-bottom:3px;--button_border_width-left:3px;--button-border-radius-top-left:6px;--button-border-radius-top-right:6px;--button-border-radius-bottom-right:6px;--button-border-radius-bottom-left:6px;--button_gradient_top_color:#00626f;--button_gradient_bottom_color:#00626f;--button_gradient_top_color_hover:rgba(0,119,98,0);--button_gradient_bottom_color_hover:rgba(0,119,98,0);--button_text_transform:none;--button_font_size:18px;--button_line_height:24px;--button_padding-top:15px;--button_padding-right:24px;--button_padding-bottom:16px;--button_padding-left:24px;--button_typography-letter-spacing:0px;--button_typography-font-family:&quot;Inter&quot;;--button_typography-font-style:normal;--button_typography-font-weight:500;\" target=\"_self\" href=\"https:\/\/smichon.cz\/en\/tym\/\"><span class=\"fusion-button-text\">Return to the list of Sm\u00edchOn team members<\/span><\/a><\/div><\/div><\/div><\/div><\/div><\/p>","protected":false},"excerpt":{"rendered":"","protected":false},"author":1,"featured_media":0,"parent":88,"menu_order":0,"comment_status":"closed","ping_status":"closed","template":"100-width.php","meta":{"_acf_changed":false,"footnotes":""},"class_list":["post-733","page","type-page","status-publish","hentry"],"acf":[],"_links":{"self":[{"href":"https:\/\/smichon.cz\/en\/wp-json\/wp\/v2\/pages\/733","targetHints":{"allow":["GET"]}}],"collection":[{"href":"https:\/\/smichon.cz\/en\/wp-json\/wp\/v2\/pages"}],"about":[{"href":"https:\/\/smichon.cz\/en\/wp-json\/wp\/v2\/types\/page"}],"author":[{"embeddable":true,"href":"https:\/\/smichon.cz\/en\/wp-json\/wp\/v2\/users\/1"}],"replies":[{"embeddable":true,"href":"https:\/\/smichon.cz\/en\/wp-json\/wp\/v2\/comments?post=733"}],"version-history":[{"count":6,"href":"https:\/\/smichon.cz\/en\/wp-json\/wp\/v2\/pages\/733\/revisions"}],"predecessor-version":[{"id":1177,"href":"https:\/\/smichon.cz\/en\/wp-json\/wp\/v2\/pages\/733\/revisions\/1177"}],"up":[{"embeddable":true,"href":"https:\/\/smichon.cz\/en\/wp-json\/wp\/v2\/pages\/88"}],"wp:attachment":[{"href":"https:\/\/smichon.cz\/en\/wp-json\/wp\/v2\/media?parent=733"}],"curies":[{"name":"wp","href":"https:\/\/api.w.org\/{rel}","templated":true}]}}